{"id":100,"date":"2022-07-11T11:12:20","date_gmt":"2022-07-11T09:12:20","guid":{"rendered":"http:\/\/www.new.miltonericksoninstitut.consapption.at\/?page_id=100"},"modified":"2022-10-06T13:41:31","modified_gmt":"2022-10-06T11:41:31","slug":"leitbild-und-organisationsform","status":"publish","type":"page","link":"https:\/\/www.miltonericksoninstitut.com\/?page_id=100","title":{"rendered":"Leitbild und Organisationsform"},"content":{"rendered":"<p>[et_pb_section fb_built=&#8220;1&#8243; _builder_version=&#8220;4.16&#8243; _module_preset=&#8220;default&#8220; background_enable_color=&#8220;off&#8220; width=&#8220;70%&#8220; width_tablet=&#8220;100%&#8220; width_phone=&#8220;&#8220; width_last_edited=&#8220;on|tablet&#8220; module_alignment=&#8220;center&#8220; min_height=&#8220;100vh&#8220; custom_margin=&#8220;||||false|false&#8220; custom_margin_tablet=&#8220;-46px||||false|false&#8220; custom_margin_phone=&#8220;&#8220; custom_margin_last_edited=&#8220;on|phone&#8220; global_colors_info=&#8220;{}&#8220;][et_pb_row _builder_version=&#8220;4.16&#8243; _module_preset=&#8220;default&#8220; width=&#8220;100%&#8220; module_alignment=&#8220;center&#8220; custom_margin=&#8220;||||false|false&#8220; custom_padding=&#8220;||||false|false&#8220; global_colors_info=&#8220;{}&#8220;][et_pb_column type=&#8220;4_4&#8243; _builder_version=&#8220;4.16&#8243; _module_preset=&#8220;default&#8220; global_colors_info=&#8220;{}&#8220;][et_pb_text quote_border_color=&#8220;#043892&#8243; _builder_version=&#8220;4.18.0&#8243; _module_preset=&#8220;default&#8220; custom_margin=&#8220;||||false|false&#8220; custom_margin_tablet=&#8220;|||80px|false|false&#8220; custom_margin_phone=&#8220;&#8220; custom_margin_last_edited=&#8220;on|phone&#8220; hover_enabled=&#8220;0&#8243; global_colors_info=&#8220;{}&#8220; sticky_enabled=&#8220;0&#8243;]<\/p>\n<blockquote>\n<h1 class=\"page-title\"><strong>Leitbild und Organisationsform<\/strong><strong><\/strong><\/h1>\n<\/blockquote>\n<p>[\/et_pb_text][\/et_pb_column][\/et_pb_row][et_pb_row _builder_version=&#8220;4.16&#8243; _module_preset=&#8220;default&#8220; global_colors_info=&#8220;{}&#8220;][et_pb_column type=&#8220;4_4&#8243; _builder_version=&#8220;4.16&#8243; _module_preset=&#8220;default&#8220; global_colors_info=&#8220;{}&#8220;][et_pb_text quote_border_color=&#8220;#043892&#8243; _builder_version=&#8220;4.17.4&#8243; _module_preset=&#8220;default&#8220; text_font=&#8220;Roboto||||||||&#8220; text_font_size=&#8220;18px&#8220; global_colors_info=&#8220;{}&#8220;]<\/p>\n<div id=\"ultimate-heading5fb778ee805f2\" class=\"uvc-heading dfd-delim-top   heading-config-top dfd-disable-resposive-headings\" data-hspacer=\"no_spacer\" data-halign=\"left\" style=\"text-align: left;\">\n<blockquote>\n<h1 class=\"widget-title\"><\/h1>\n<h1 class=\"widget-title\">Organisation<\/h1>\n<\/blockquote>\n<\/div>\n<div class=\"wpb_text_column wpb_content_element  vc_custom_1457700979860\">\n<div class=\"wpb_wrapper\">\n<p>Das M.E.I. Seeham \/ Salzburg wurde im Fr\u00fchjahr 2000 gegr\u00fcndet und ist als gemeinn\u00fctziger Verein organisiert. Es unterh\u00e4lt enge Verbindungen zu Milton Erickson Instituten im deutschsprachigen Raum sowie zur Milton H. Erickson Foundation, Inc.<\/p>\n<p>Seit Ende 2015 wird das Institut unter der Firmenbezeichnung: Milton Erickson Institut Seeham\/Salzburg e.U. gef\u00fchrt.<\/p>\n<\/div>\n<\/div>\n<p>[\/et_pb_text][et_pb_text quote_border_color=&#8220;#043892&#8243; _builder_version=&#8220;4.17.4&#8243; _module_preset=&#8220;default&#8220; text_font=&#8220;Roboto||||||||&#8220; text_font_size=&#8220;18px&#8220; global_colors_info=&#8220;{}&#8220;]<\/p>\n<div id=\"ultimate-heading5fb778ee8287d\" class=\"uvc-heading dfd-delim-top   heading-config-top dfd-disable-resposive-headings\" data-hspacer=\"no_spacer\" data-halign=\"left\" style=\"text-align: left;\">\n<blockquote>\n<h1 class=\"widget-title\"><\/h1>\n<h1 class=\"widget-title\">Zielgruppen<\/h1>\n<\/blockquote>\n<\/div>\n<div class=\"wpb_text_column wpb_content_element  vc_custom_1450003536466\">\n<div class=\"wpb_wrapper\">\n<p>Das M.E.I. Seeham \/ Salzburg spricht Professionelle aus den Berufsfeldern Therapie, Psychologie, P\u00e4dagogik, Medizin und Management an. Die Weiterbildungsangebote sind in Inhalt, Didaktik und Lernkultur auf diese Zielgruppen spezifisch ausgerichtet.<\/p>\n<\/div>\n<\/div>\n<p>[\/et_pb_text][et_pb_text quote_border_color=&#8220;#043892&#8243; _builder_version=&#8220;4.17.4&#8243; _module_preset=&#8220;default&#8220; text_font=&#8220;Roboto||||||||&#8220; text_font_size=&#8220;18px&#8220; global_colors_info=&#8220;{}&#8220;]<\/p>\n<div id=\"ultimate-heading5fb778ee83916\" class=\"uvc-heading dfd-delim-top   heading-config-top dfd-disable-resposive-headings\" data-hspacer=\"no_spacer\" data-halign=\"left\" style=\"text-align: left;\">\n<blockquote>\n<h1 class=\"widget-title\"><\/h1>\n<h1 class=\"widget-title\">Perspektiven<\/h1>\n<\/blockquote>\n<\/div>\n<div class=\"wpb_text_column wpb_content_element  vc_custom_1457701023689\">\n<div class=\"wpb_wrapper\">\n<p>Neben den Weiterbildungsangeboten richtet sich die Perspektive des Instituts\u00a0auf den kollegialen Erfahrungs\u2013 und Entwicklungsaustausch verschiedener Berufsgruppen mit Ericksonschen Konzepten. Bevorzugt angesprochen werden dabei KollegInnen in Salzburg, Tirol, Ober\u00f6sterreich und Bayern. M.E.I. Tagungen und regionale Supervisions\u2013 sowie Intervisionsgruppen unterst\u00fctzen dieses Ziel.<\/p>\n<\/div>\n<\/div>\n<p>[\/et_pb_text][et_pb_text quote_border_color=&#8220;#043892&#8243; _builder_version=&#8220;4.17.4&#8243; _module_preset=&#8220;default&#8220; text_font=&#8220;Roboto||||||||&#8220; text_font_size=&#8220;18px&#8220; global_colors_info=&#8220;{}&#8220;]<\/p>\n<div id=\"ultimate-heading5fb778ee84a1a\" class=\"uvc-heading dfd-delim-top   heading-config-top dfd-disable-resposive-headings\" data-hspacer=\"no_spacer\" data-halign=\"left\" style=\"text-align: left;\">\n<blockquote>\n<h1 class=\"widget-title\"><\/h1>\n<h1 class=\"widget-title\">Entwicklung<\/h1>\n<\/blockquote>\n<\/div>\n<div class=\"wpb_text_column wpb_content_element  vc_custom_1457701002256\">\n<div class=\"wpb_wrapper\">\n<p>Das Institut\u00a0sieht sich als Koordinations\u2013 und Informationzentrum f\u00fcr Weiterentwicklung Ericksonscher Ans\u00e4tze und deren wissenschaftlichen Begleitung in den genannten Berufsfeldern.<\/p>\n<\/div>\n<\/div>\n<p>[\/et_pb_text][\/et_pb_column][\/et_pb_row][\/et_pb_section]<\/p>\n","protected":false},"excerpt":{"rendered":"<p>Leitbild und Organisationsform Organisation Das M.E.I. Seeham \/ Salzburg wurde im Fr\u00fchjahr 2000 gegr\u00fcndet und ist als gemeinn\u00fctziger Verein organisiert. Es unterh\u00e4lt enge Verbindungen zu Milton Erickson Instituten im deutschsprachigen [&hellip;]<\/p>\n","protected":false},"author":1,"featured_media":0,"parent":0,"menu_order":0,"comment_status":"closed","ping_status":"closed","template":"","meta":{"_et_pb_use_builder":"on","_et_pb_old_content":"","_et_gb_content_width":"","footnotes":""},"class_list":["post-100","page","type-page","status-publish","hentry"],"_links":{"self":[{"href":"https:\/\/www.miltonericksoninstitut.com\/index.php?rest_route=\/wp\/v2\/pages\/100","targetHints":{"allow":["GET"]}}],"collection":[{"href":"https:\/\/www.miltonericksoninstitut.com\/index.php?rest_route=\/wp\/v2\/pages"}],"about":[{"href":"https:\/\/www.miltonericksoninstitut.com\/index.php?rest_route=\/wp\/v2\/types\/page"}],"author":[{"embeddable":true,"href":"https:\/\/www.miltonericksoninstitut.com\/index.php?rest_route=\/wp\/v2\/users\/1"}],"replies":[{"embeddable":true,"href":"https:\/\/www.miltonericksoninstitut.com\/index.php?rest_route=%2Fwp%2Fv2%2Fcomments&post=100"}],"version-history":[{"count":0,"href":"https:\/\/www.miltonericksoninstitut.com\/index.php?rest_route=\/wp\/v2\/pages\/100\/revisions"}],"wp:attachment":[{"href":"https:\/\/www.miltonericksoninstitut.com\/index.php?rest_route=%2Fwp%2Fv2%2Fmedia&parent=100"}],"curies":[{"name":"wp","href":"https:\/\/api.w.org\/{rel}","templated":true}]}}