{"id":109,"date":"2022-07-11T11:20:02","date_gmt":"2022-07-11T09:20:02","guid":{"rendered":"http:\/\/www.new.miltonericksoninstitut.consapption.at\/?page_id=109"},"modified":"2022-10-06T13:45:52","modified_gmt":"2022-10-06T11:45:52","slug":"seminarort-unterkuenfte","status":"publish","type":"page","link":"https:\/\/www.miltonericksoninstitut.com\/?page_id=109","title":{"rendered":"Therapie"},"content":{"rendered":"<p>[et_pb_section fb_built=&#8220;1&#8243; _builder_version=&#8220;4.16&#8243; _module_preset=&#8220;default&#8220; background_enable_color=&#8220;off&#8220; width=&#8220;70%&#8220; width_tablet=&#8220;100%&#8220; width_phone=&#8220;&#8220; width_last_edited=&#8220;on|tablet&#8220; module_alignment=&#8220;center&#8220; min_height=&#8220;100vh&#8220; custom_margin=&#8220;||||false|false&#8220; custom_margin_tablet=&#8220;-46px||||false|false&#8220; custom_margin_phone=&#8220;&#8220; custom_margin_last_edited=&#8220;on|phone&#8220; global_colors_info=&#8220;{}&#8220;][et_pb_row _builder_version=&#8220;4.16&#8243; _module_preset=&#8220;default&#8220; width=&#8220;100%&#8220; module_alignment=&#8220;center&#8220; custom_margin=&#8220;||||false|false&#8220; custom_padding=&#8220;||0px||false|false&#8220; global_colors_info=&#8220;{}&#8220;][et_pb_column type=&#8220;4_4&#8243; _builder_version=&#8220;4.16&#8243; _module_preset=&#8220;default&#8220; global_colors_info=&#8220;{}&#8220;][et_pb_text quote_border_color=&#8220;#043892&#8243; _builder_version=&#8220;4.18.0&#8243; _module_preset=&#8220;default&#8220; custom_margin=&#8220;||||false|false&#8220; custom_margin_tablet=&#8220;|||80px|false|false&#8220; custom_margin_phone=&#8220;&#8220; custom_margin_last_edited=&#8220;on|phone&#8220; hover_enabled=&#8220;0&#8243; global_colors_info=&#8220;{}&#8220; sticky_enabled=&#8220;0&#8243;]<\/p>\n<blockquote>\n<h1><strong>Therapie<\/strong><\/h1>\n<\/blockquote>\n<p>[\/et_pb_text][\/et_pb_column][\/et_pb_row][et_pb_row column_structure=&#8220;1_2,1_2&#8243; _builder_version=&#8220;4.16&#8243; _module_preset=&#8220;default&#8220; global_colors_info=&#8220;{}&#8220;][et_pb_column type=&#8220;1_2&#8243; _builder_version=&#8220;4.16&#8243; _module_preset=&#8220;default&#8220; global_colors_info=&#8220;{}&#8220;][et_pb_text _builder_version=&#8220;4.18.0&#8243; _module_preset=&#8220;default&#8220; text_font=&#8220;Roboto||||||||&#8220; text_font_size=&#8220;18px&#8220; global_colors_info=&#8220;{}&#8220;]<\/p>\n<section id=\"layout\" class=\"blog-page dfd-equal-height-children\">\n<div class=\"row\">\n<div class=\"blog-section \">\n<section id=\"main-content\" role=\"main\" class=\"twelve columns\">Das Milton Erickson Institut Salzburg \u2013 Seeham bildet Psychotherapeuten in Hypnose, Hypnotherapie und Kurzzeittherapeutischen Ans\u00e4tzen aus und vermittelt bei Therapie- und Beratungsw\u00fcnschen qualifizierte Therapeuten, die in den oben genannten Ans\u00e4tzen ausgebildet sind.<\/p>\n<ul>\n<li>Raucherentw\u00f6hnung<\/li>\n<li>Behandlung von \u00dcbergewicht und Ess-St\u00f6rungen<\/li>\n<li>\u00dcberwindung von Pr\u00fcfungs-, Pr\u00e4sentations- und Leistungs\u00e4ngsten<\/li>\n<li>\u00dcberwindung von Flugangst<\/li>\n<li>Psychosomatische St\u00f6rungen<\/li>\n<li>Chronische Schmerzen<\/li>\n<li><span class=\"standard\">Behandlung Posttraumatischer St\u00f6rungen und Kindheits-Traumata<\/span><\/li>\n<\/ul>\n<p>Anfragen bitte telefonisch oder per <a href=\"mailto: info@miltonericksoninstitut.com\">Email<\/a><\/p>\n<\/section>\n<\/div>\n<\/div>\n<\/section>\n<p>[\/et_pb_text][\/et_pb_column][et_pb_column type=&#8220;1_2&#8243; _builder_version=&#8220;4.16&#8243; _module_preset=&#8220;default&#8220; global_colors_info=&#8220;{}&#8220;][et_pb_image src=&#8220;https:\/\/www.miltonericksoninstitut.com\/wp-content\/uploads\/2022\/07\/Rose-Seeham-Therapy-Hypnose-scaled-1.jpg&#8220; align=&#8220;center&#8220; _builder_version=&#8220;4.17.4&#8243; _module_preset=&#8220;default&#8220; width=&#8220;117%&#8220; width_tablet=&#8220;100%&#8220; width_phone=&#8220;100%&#8220; width_last_edited=&#8220;on|phone&#8220; module_alignment=&#8220;center&#8220; border_radii=&#8220;on|50px|50px|50px|50px&#8220; border_width_all=&#8220;3px&#8220; border_color_all=&#8220;#043892&#8243; global_colors_info=&#8220;{}&#8220;][\/et_pb_image][\/et_pb_column][\/et_pb_row][\/et_pb_section]<\/p>\n","protected":false},"excerpt":{"rendered":"<p>Therapie Das Milton Erickson Institut Salzburg \u2013 Seeham bildet Psychotherapeuten in Hypnose, Hypnotherapie und Kurzzeittherapeutischen Ans\u00e4tzen aus und vermittelt bei Therapie- und Beratungsw\u00fcnschen qualifizierte Therapeuten, die in den oben genannten [&hellip;]<\/p>\n","protected":false},"author":1,"featured_media":0,"parent":0,"menu_order":0,"comment_status":"closed","ping_status":"closed","template":"","meta":{"_et_pb_use_builder":"on","_et_pb_old_content":"","_et_gb_content_width":"","footnotes":""},"class_list":["post-109","page","type-page","status-publish","hentry"],"_links":{"self":[{"href":"https:\/\/www.miltonericksoninstitut.com\/index.php?rest_route=\/wp\/v2\/pages\/109","targetHints":{"allow":["GET"]}}],"collection":[{"href":"https:\/\/www.miltonericksoninstitut.com\/index.php?rest_route=\/wp\/v2\/pages"}],"about":[{"href":"https:\/\/www.miltonericksoninstitut.com\/index.php?rest_route=\/wp\/v2\/types\/page"}],"author":[{"embeddable":true,"href":"https:\/\/www.miltonericksoninstitut.com\/index.php?rest_route=\/wp\/v2\/users\/1"}],"replies":[{"embeddable":true,"href":"https:\/\/www.miltonericksoninstitut.com\/index.php?rest_route=%2Fwp%2Fv2%2Fcomments&post=109"}],"version-history":[{"count":0,"href":"https:\/\/www.miltonericksoninstitut.com\/index.php?rest_route=\/wp\/v2\/pages\/109\/revisions"}],"wp:attachment":[{"href":"https:\/\/www.miltonericksoninstitut.com\/index.php?rest_route=%2Fwp%2Fv2%2Fmedia&parent=109"}],"curies":[{"name":"wp","href":"https:\/\/api.w.org\/{rel}","templated":true}]}}