{"id":274,"date":"2022-08-24T13:21:10","date_gmt":"2022-08-24T11:21:10","guid":{"rendered":"http:\/\/www.new.miltonericksoninstitut.consapption.at\/?page_id=274"},"modified":"2025-02-19T16:24:15","modified_gmt":"2025-02-19T15:24:15","slug":"vortragende","status":"publish","type":"page","link":"https:\/\/www.miltonericksoninstitut.com\/?page_id=274","title":{"rendered":"Vortragende"},"content":{"rendered":"<p>[et_pb_section fb_built=&#8220;1&#8243; _builder_version=&#8220;4.16&#8243; _module_preset=&#8220;default&#8220; width=&#8220;70%&#8220; width_tablet=&#8220;100%&#8220; width_phone=&#8220;&#8220; width_last_edited=&#8220;on|desktop&#8220; module_alignment=&#8220;center&#8220; custom_margin=&#8220;||||false|false&#8220; custom_margin_tablet=&#8220;-46px||||false|false&#8220; custom_margin_phone=&#8220;&#8220; custom_margin_last_edited=&#8220;on|phone&#8220; custom_padding=&#8220;||||false|false&#8220; global_colors_info=&#8220;{}&#8220;][et_pb_row _builder_version=&#8220;4.16&#8243; _module_preset=&#8220;default&#8220; width=&#8220;100%&#8220; module_alignment=&#8220;center&#8220; custom_margin=&#8220;||||false|false&#8220; custom_padding=&#8220;||||false|false&#8220; global_colors_info=&#8220;{}&#8220;][et_pb_column type=&#8220;4_4&#8243; _builder_version=&#8220;4.16&#8243; _module_preset=&#8220;default&#8220; global_colors_info=&#8220;{}&#8220;][et_pb_text quote_border_color=&#8220;#043892&#8243; _builder_version=&#8220;4.18.0&#8243; _module_preset=&#8220;default&#8220; custom_margin=&#8220;||||false|false&#8220; custom_margin_tablet=&#8220;|||80px|false|false&#8220; custom_margin_phone=&#8220;&#8220; custom_margin_last_edited=&#8220;on|phone&#8220; global_colors_info=&#8220;{}&#8220;]<\/p>\n<blockquote>\n<h1><strong>Vortragende<\/strong><strong><\/strong><\/h1>\n<\/blockquote>\n<p>[\/et_pb_text][\/et_pb_column][\/et_pb_row][et_pb_row column_structure=&#8220;1_4,3_4&#8243; _builder_version=&#8220;4.18.0&#8243; _module_preset=&#8220;default&#8220; global_colors_info=&#8220;{}&#8220;][et_pb_column type=&#8220;1_4&#8243; _builder_version=&#8220;4.16&#8243; _module_preset=&#8220;default&#8220; global_colors_info=&#8220;{}&#8220;][et_pb_image src=&#8220;https:\/\/www.miltonericksoninstitut.com\/wp-content\/uploads\/2022\/09\/Stefan-Hammel.jpg&#8220; alt=&#8220;Michael Nigitz-Arch&#8220; title_text=&#8220;Stefan Hammel&#8220; align=&#8220;center&#8220; _builder_version=&#8220;4.18.1&#8243; _module_preset=&#8220;default&#8220; width_tablet=&#8220;33%&#8220; width_phone=&#8220;75%&#8220; width_last_edited=&#8220;on|phone&#8220; module_alignment=&#8220;left&#8220; height=&#8220;208px&#8220; custom_padding=&#8220;10px||||false|false&#8220; module_alignment_tablet=&#8220;center&#8220; module_alignment_phone=&#8220;right&#8220; module_alignment_last_edited=&#8220;on|desktop&#8220; border_width_all=&#8220;2px&#8220; border_color_all=&#8220;#043892&#8243; global_colors_info=&#8220;{}&#8220;][\/et_pb_image][\/et_pb_column][et_pb_column type=&#8220;3_4&#8243; _builder_version=&#8220;4.16&#8243; _module_preset=&#8220;default&#8220; global_colors_info=&#8220;{}&#8220;][et_pb_text quote_border_color=&#8220;#043892&#8243; _builder_version=&#8220;4.18.0&#8243; _module_preset=&#8220;default&#8220; header_font=&#8220;Roboto||||||||&#8220; global_colors_info=&#8220;{}&#8220;]<\/p>\n<h2><\/h2>\n<blockquote>\n<h2>Stefan Hammel<\/h2>\n<\/blockquote>\n<p>[\/et_pb_text][et_pb_text _builder_version=&#8220;4.18.0&#8243; _module_preset=&#8220;default&#8220; text_font=&#8220;Roboto||||||||&#8220; text_font_size=&#8220;18px&#8220; global_colors_info=&#8220;{}&#8220;]<\/p>\n<p>Stefan Hammel ist systemischer Familientherapeut, Hypnotherapeut und Autor sowie evangelischer Klinik- und Psychiatrieseelsorger. Er ist Leiter des Instituts f\u00fcr Hypnosystemische Beratung in Kaiserslautern und Referent systemischer und hypnotherapeutischer Ausbildungsinstitute in Deutschland, \u00d6sterreich und der Schweiz.<\/p>\n<p>Aktuelle Informationen unter <a href=\"http:\/\/www.stefanhammel.de\/\">www.stefanhammel.de<\/a> und <a href=\"http:\/\/www.hsb-westpfalz.de\/\">www.hsb-westpfalz.de<\/a>.<\/p>\n<p>[\/et_pb_text][\/et_pb_column][\/et_pb_row][et_pb_row column_structure=&#8220;1_4,3_4&#8243; _builder_version=&#8220;4.16&#8243; _module_preset=&#8220;default&#8220; global_colors_info=&#8220;{}&#8220;][et_pb_column type=&#8220;1_4&#8243; _builder_version=&#8220;4.16&#8243; _module_preset=&#8220;default&#8220; global_colors_info=&#8220;{}&#8220;][et_pb_image src=&#8220;https:\/\/www.miltonericksoninstitut.com\/wp-content\/uploads\/2024\/06\/OA-Dr.-Peter-Keil.png&#8220; title_text=&#8220;OA Dr. Peter Keil&#8220; align=&#8220;center&#8220; _builder_version=&#8220;4.18.1&#8243; _module_preset=&#8220;default&#8220; width=&#8220;100%&#8220; max_width=&#8220;70%&#8220; height=&#8220;225px&#8220; border_width_all=&#8220;2px&#8220; border_color_all=&#8220;#043892&#8243; global_colors_info=&#8220;{}&#8220;][\/et_pb_image][\/et_pb_column][et_pb_column type=&#8220;3_4&#8243; _builder_version=&#8220;4.16&#8243; _module_preset=&#8220;default&#8220; global_colors_info=&#8220;{}&#8220;][et_pb_text quote_border_color=&#8220;#043892&#8243; _builder_version=&#8220;4.18.0&#8243; _module_preset=&#8220;default&#8220; header_font=&#8220;Roboto||||||||&#8220; global_colors_info=&#8220;{}&#8220;]<\/p>\n<blockquote>\n<h2 style=\"text-align: left;\"><\/h2>\n<h2 style=\"text-align: left;\">OA Dr. Peter Keil<\/h2>\n<\/blockquote>\n<p>[\/et_pb_text][et_pb_text _builder_version=&#8220;4.18.0&#8243; _module_preset=&#8220;default&#8220; text_font=&#8220;Roboto||||||||&#8220; text_font_size=&#8220;18px&#8220; global_colors_info=&#8220;{}&#8220;]<\/p>\n<p>OA Dr. Peter Keil ist Assistenzarzt f\u00fcr An\u00e4sthesie und Intensivmedizin am LKH-Univ. Klinikum Graz. Klinische Hypnose nach Milton H. Erickson beim M.E.I. Seeham\/Salzburg und Innsbruck, NLP Practitioner. Vorher am Universit\u00e4tsklinikum Regensburg. Dort sammelte er Erfahrung im Bereich der Wachkraniotomie mit Hypnose bei Prof. Dr. Dr. Ernil Hansen. In der dortigen Schmerzklinik war er f\u00fcr die hypnotherapeutische Betreuung von chronischen Schmerzpatienten verantwortlich. Buchver\u00f6ffentlichung \u201e\u00c4rztliche Hypnoseverfahren und Induktionstechniken\u201c beim \u00f6sterr. \u00c4rzteverlag.<\/p>\n<p>[\/et_pb_text][\/et_pb_column][\/et_pb_row][et_pb_row column_structure=&#8220;1_4,3_4&#8243; _builder_version=&#8220;4.16&#8243; _module_preset=&#8220;default&#8220; global_colors_info=&#8220;{}&#8220;][et_pb_column type=&#8220;1_4&#8243; _builder_version=&#8220;4.16&#8243; _module_preset=&#8220;default&#8220; global_colors_info=&#8220;{}&#8220;][et_pb_image src=&#8220;https:\/\/www.miltonericksoninstitut.com\/wp-content\/uploads\/2023\/08\/bfb7d9f6-5278-4ea7-a5a7-78f01928ec34-e1691492716938.jpg&#8220; alt=&#8220;Michael Nigitz-Arch&#8220; title_text=&#8220;Ortwin_Meiss&#8220; align=&#8220;center&#8220; _builder_version=&#8220;4.18.1&#8243; _module_preset=&#8220;default&#8220; width_tablet=&#8220;33%&#8220; width_phone=&#8220;75%&#8220; width_last_edited=&#8220;on|phone&#8220; max_width=&#8220;70%&#8220; module_alignment=&#8220;center&#8220; height=&#8220;200px&#8220; custom_padding=&#8220;10px||||false|false&#8220; module_alignment_tablet=&#8220;center&#8220; module_alignment_phone=&#8220;right&#8220; module_alignment_last_edited=&#8220;on|desktop&#8220; border_width_all=&#8220;2px&#8220; border_color_all=&#8220;#043892&#8243; global_colors_info=&#8220;{}&#8220;][\/et_pb_image][\/et_pb_column][et_pb_column type=&#8220;3_4&#8243; _builder_version=&#8220;4.16&#8243; _module_preset=&#8220;default&#8220; global_colors_info=&#8220;{}&#8220;][et_pb_text quote_border_color=&#8220;#043892&#8243; _builder_version=&#8220;4.18.0&#8243; _module_preset=&#8220;default&#8220; header_font=&#8220;Roboto||||||||&#8220; global_colors_info=&#8220;{}&#8220;]<\/p>\n<h2><\/h2>\n<blockquote>\n<h2>Dipl. Psych. Ortwin Meiss<\/h2>\n<\/blockquote>\n<p>[\/et_pb_text][et_pb_text _builder_version=&#8220;4.18.1&#8243; _module_preset=&#8220;default&#8220; text_font=&#8220;Roboto||||||||&#8220; text_font_size=&#8220;18px&#8220; hover_enabled=&#8220;0&#8243; global_colors_info=&#8220;{}&#8220; sticky_enabled=&#8220;0&#8243;]<\/p>\n<p>Leiter des Milton H. Erickson Instituts in Hamburg. Er ist Lehrtherapeut und Vorstandsmitglied der Milton Erickson Gesellschaft und arbeitet in freier Praxis als Psychotherapeut, Supervisor und Coach.<\/p>\n<p>[\/et_pb_text][\/et_pb_column][\/et_pb_row][et_pb_row column_structure=&#8220;1_4,3_4&#8243; _builder_version=&#8220;4.16&#8243; _module_preset=&#8220;default&#8220; global_colors_info=&#8220;{}&#8220;][et_pb_column type=&#8220;1_4&#8243; _builder_version=&#8220;4.16&#8243; _module_preset=&#8220;default&#8220; global_colors_info=&#8220;{}&#8220;][et_pb_image src=&#8220;https:\/\/www.miltonericksoninstitut.com\/wp-content\/uploads\/2022\/09\/a.o.-Univ.Prof_.-Dr.-Gabriele-Moser.jpg&#8220; alt=&#8220;Michael Nigitz-Arch&#8220; title_text=&#8220;a.o. Univ.Prof. Dr. Gabriele Moser&#8220; align=&#8220;center&#8220; _builder_version=&#8220;4.18.1&#8243; _module_preset=&#8220;default&#8220; width_tablet=&#8220;33%&#8220; width_phone=&#8220;75%&#8220; width_last_edited=&#8220;on|phone&#8220; max_width=&#8220;70%&#8220; module_alignment=&#8220;center&#8220; height=&#8220;225px&#8220; custom_padding=&#8220;10px||||false|false&#8220; module_alignment_tablet=&#8220;center&#8220; module_alignment_phone=&#8220;right&#8220; module_alignment_last_edited=&#8220;on|desktop&#8220; border_width_all=&#8220;2px&#8220; border_color_all=&#8220;#043892&#8243; global_colors_info=&#8220;{}&#8220;][\/et_pb_image][\/et_pb_column][et_pb_column type=&#8220;3_4&#8243; _builder_version=&#8220;4.16&#8243; _module_preset=&#8220;default&#8220; global_colors_info=&#8220;{}&#8220;][et_pb_text quote_border_color=&#8220;#043892&#8243; _builder_version=&#8220;4.18.0&#8243; _module_preset=&#8220;default&#8220; header_font=&#8220;Roboto||||||||&#8220; global_colors_info=&#8220;{}&#8220;]<\/p>\n<h2><\/h2>\n<blockquote>\n<h2>Univ. Prof. Dr. Gabriele Moser<\/h2>\n<\/blockquote>\n<p>[\/et_pb_text][et_pb_text _builder_version=&#8220;4.18.0&#8243; _module_preset=&#8220;default&#8220; text_font=&#8220;Roboto||||||||&#8220; text_font_size=&#8220;18px&#8220; global_colors_info=&#8220;{}&#8220;]<\/p>\n<p><span style=\"letter-spacing: normal;\"><span class=\"color_14\"><span style=\"font-size: 16px;\">Fach\u00e4rztin f\u00fcr Innere Medizin, Psychotherapeutin (psychoanalytisch orientiert), Diplom f\u00fcr Psychosomatische und Psychotherapeutische Medizin, <\/span><\/span><\/span><span style=\"letter-spacing: normal;\"><span class=\"color_14\"><span style=\"font-size: 16px;\">\u00d6\u00c4K-Spezialisierung Psychosomatische Medizin, <\/span><\/span><\/span><span style=\"letter-spacing: normal;\">Vizerektorin a.D. der Universit\u00e4t Wien, <\/span><span style=\"letter-spacing: normal;\"><span class=\"color_14\"><span style=\"font-size: 16px;\">Leiterin der Ambulanz und wissenschaftlichen Arbeitsgruppe f\u00fcr gastroenterologische Psychosomatik<\/span><\/span><\/span><\/p>\n<p>[\/et_pb_text][\/et_pb_column][\/et_pb_row][et_pb_row column_structure=&#8220;1_4,3_4&#8243; _builder_version=&#8220;4.16&#8243; _module_preset=&#8220;default&#8220; global_colors_info=&#8220;{}&#8220;][et_pb_column type=&#8220;1_4&#8243; _builder_version=&#8220;4.16&#8243; _module_preset=&#8220;default&#8220; global_colors_info=&#8220;{}&#8220;][et_pb_image src=&#8220;https:\/\/www.miltonericksoninstitut.com\/wp-content\/uploads\/2023\/08\/Michael-Nigitz-Arch-scaled.jpg&#8220; alt=&#8220;Michael Nigitz-Arch&#8220; title_text=&#8220;Michael Nigitz-Arch&#8220; align=&#8220;center&#8220; _builder_version=&#8220;4.18.1&#8243; _module_preset=&#8220;default&#8220; width_tablet=&#8220;33%&#8220; width_phone=&#8220;75%&#8220; width_last_edited=&#8220;on|phone&#8220; module_alignment=&#8220;left&#8220; height=&#8220;240px&#8220; custom_padding=&#8220;10px||||false|false&#8220; module_alignment_tablet=&#8220;center&#8220; module_alignment_phone=&#8220;right&#8220; module_alignment_last_edited=&#8220;on|desktop&#8220; border_width_all=&#8220;2px&#8220; border_color_all=&#8220;#043892&#8243; global_colors_info=&#8220;{}&#8220;][\/et_pb_image][\/et_pb_column][et_pb_column type=&#8220;3_4&#8243; _builder_version=&#8220;4.16&#8243; _module_preset=&#8220;default&#8220; global_colors_info=&#8220;{}&#8220;][et_pb_text quote_border_color=&#8220;#043892&#8243; _builder_version=&#8220;4.18.0&#8243; _module_preset=&#8220;default&#8220; header_font=&#8220;Roboto||||||||&#8220; global_colors_info=&#8220;{}&#8220;]<\/p>\n<h2><\/h2>\n<blockquote>\n<h2>Michael Nigitz-Arch<\/h2>\n<\/blockquote>\n<p>[\/et_pb_text][et_pb_text _builder_version=&#8220;4.18.0&#8243; _module_preset=&#8220;default&#8220; text_font=&#8220;Roboto||||||||&#8220; text_font_size=&#8220;18px&#8220; global_colors_info=&#8220;{}&#8220;]<\/p>\n<p>Gr\u00fcndungsmitglied und Vorstand des Milton Erickson Instituts Salzburg.<br \/>Weitere Informationen finden Sie <a href=\"https:\/\/www.miltonericksoninstitut.com\/?page_id=86\" target=\"_blank\" rel=\"noopener\">hier<\/a><\/p>\n<p>E-Mail: <a href=\"mailto:michael@nigitz-arch.at\">michael@nigitz-arch.at<\/a><\/p>\n<p>Homepage: <a href=\"http:\/\/www.nigitz-arch.at\">www.nigitz-arch.at<\/a><\/p>\n<p>[\/et_pb_text][\/et_pb_column][\/et_pb_row][et_pb_row column_structure=&#8220;1_4,3_4&#8243; _builder_version=&#8220;4.16&#8243; _module_preset=&#8220;default&#8220; global_colors_info=&#8220;{}&#8220;][et_pb_column type=&#8220;1_4&#8243; _builder_version=&#8220;4.16&#8243; _module_preset=&#8220;default&#8220; global_colors_info=&#8220;{}&#8220;][et_pb_image src=&#8220;https:\/\/www.miltonericksoninstitut.com\/wp-content\/uploads\/2022\/09\/Portrait-200&#215;300-1.jpg&#8220; alt=&#8220;Michael Nigitz-Arch&#8220; title_text=&#8220;Portrait-200&#215;300&#8243; align=&#8220;center&#8220; _builder_version=&#8220;4.18.1&#8243; _module_preset=&#8220;default&#8220; width_tablet=&#8220;33%&#8220; width_phone=&#8220;75%&#8220; width_last_edited=&#8220;on|phone&#8220; module_alignment=&#8220;left&#8220; height=&#8220;231px&#8220; custom_padding=&#8220;10px||||false|false&#8220; module_alignment_tablet=&#8220;center&#8220; module_alignment_phone=&#8220;right&#8220; module_alignment_last_edited=&#8220;on|desktop&#8220; border_width_all=&#8220;2px&#8220; border_color_all=&#8220;#043892&#8243; global_colors_info=&#8220;{}&#8220;][\/et_pb_image][\/et_pb_column][et_pb_column type=&#8220;3_4&#8243; _builder_version=&#8220;4.16&#8243; _module_preset=&#8220;default&#8220; global_colors_info=&#8220;{}&#8220;][et_pb_text quote_border_color=&#8220;#043892&#8243; _builder_version=&#8220;4.18.0&#8243; _module_preset=&#8220;default&#8220; header_font=&#8220;Roboto||||||||&#8220; global_colors_info=&#8220;{}&#8220;]<\/p>\n<h2><\/h2>\n<blockquote>\n<h2>Dipl. -Psych. Cornelie Schweizer<\/h2>\n<\/blockquote>\n<p>[\/et_pb_text][et_pb_text _builder_version=&#8220;4.18.0&#8243; _module_preset=&#8220;default&#8220; text_font=&#8220;Roboto||||||||&#8220; text_font_size=&#8220;18px&#8220; global_colors_info=&#8220;{}&#8220;]<\/p>\n<p>Dipl. -Psych. Cornelie Schweizer ist Diplom-Psychologin und Psychotherapeutin in eigener Praxis, in welcher sie sich unter anderem auf die Behandlung von Depressionen, Angstsymptomatiken und die Raucherentw\u00f6hnung spezialisiert hat. Sie ist Ausbilderin der <a href=\"https:\/\/www.meg-hypnose.de\/home.html\" target=\"_blank\" rel=\"noopener\">M.E.G<\/a>. f\u00fcr Klinische Hypnose und forscht an der psychiatrischen Universit\u00e4tsklinik in T\u00fcbingen in den Bereichen Tabakabh\u00e4ngigkeit, pathologisches Gl\u00fccksspiel, Depression und Angst.<\/p>\n<p>[\/et_pb_text][\/et_pb_column][\/et_pb_row][et_pb_row column_structure=&#8220;1_4,3_4&#8243; _builder_version=&#8220;4.16&#8243; _module_preset=&#8220;default&#8220; global_colors_info=&#8220;{}&#8220;][et_pb_column type=&#8220;1_4&#8243; _builder_version=&#8220;4.16&#8243; _module_preset=&#8220;default&#8220; global_colors_info=&#8220;{}&#8220;][et_pb_image src=&#8220;https:\/\/www.miltonericksoninstitut.com\/wp-content\/uploads\/2022\/10\/image001-3.png&#8220; alt=&#8220;Michael Nigitz-Arch&#8220; title_text=&#8220;image001&#8243; align=&#8220;center&#8220; _builder_version=&#8220;4.18.1&#8243; _module_preset=&#8220;default&#8220; width_tablet=&#8220;33%&#8220; width_phone=&#8220;75%&#8220; width_last_edited=&#8220;on|phone&#8220; max_width=&#8220;70%&#8220; module_alignment=&#8220;center&#8220; height=&#8220;250px&#8220; custom_padding=&#8220;10px||||false|false&#8220; module_alignment_tablet=&#8220;center&#8220; module_alignment_phone=&#8220;right&#8220; module_alignment_last_edited=&#8220;on|desktop&#8220; border_width_all=&#8220;2px&#8220; border_color_all=&#8220;#043892&#8243; global_colors_info=&#8220;{}&#8220;][\/et_pb_image][\/et_pb_column][et_pb_column type=&#8220;3_4&#8243; _builder_version=&#8220;4.16&#8243; _module_preset=&#8220;default&#8220; global_colors_info=&#8220;{}&#8220;][et_pb_text quote_border_color=&#8220;#043892&#8243; _builder_version=&#8220;4.18.0&#8243; _module_preset=&#8220;default&#8220; header_font=&#8220;Roboto||||||||&#8220; global_colors_info=&#8220;{}&#8220;]<\/p>\n<h2><\/h2>\n<blockquote>\n<h2>Dipl. Psych. Andreas Steiner<\/h2>\n<\/blockquote>\n<p>[\/et_pb_text][et_pb_text _builder_version=&#8220;4.18.0&#8243; _module_preset=&#8220;default&#8220; text_font=&#8220;Roboto||||||||&#8220; text_font_size=&#8220;18px&#8220; global_colors_info=&#8220;{}&#8220;]<\/p>\n<p>Andreas Steiner ist Diplom-Psychologe, Psychotherapeut und Lehrtherapeut. Er leitet das Institut f\u00fcr systemisch-empirische Psychotherapie (SEPT) in K\u00f6ln. Seine Spezialgebiete sind Systemische Familientherapie, Familienaufstellungen, Hypnotherapie, Prim\u00e4rtherapie, Transaktionsanalyse und Verhaltenstherapie. Er ist au\u00dferdem Magister in Musikwissenschaften, Theater-, Film- und Fernsehwissenschaften.\u00a0<\/p>\n<p>[\/et_pb_text][\/et_pb_column][\/et_pb_row][et_pb_row column_structure=&#8220;1_4,3_4&#8243; _builder_version=&#8220;4.16&#8243; _module_preset=&#8220;default&#8220; global_colors_info=&#8220;{}&#8220;][et_pb_column type=&#8220;1_4&#8243; _builder_version=&#8220;4.16&#8243; _module_preset=&#8220;default&#8220; global_colors_info=&#8220;{}&#8220;][et_pb_image src=&#8220;https:\/\/www.miltonericksoninstitut.com\/wp-content\/uploads\/2023\/08\/Peter-Stimpfle.jpeg&#8220; alt=&#8220;Michael Nigitz-Arch&#8220; title_text=&#8220;image001&#8243; align=&#8220;center&#8220; _builder_version=&#8220;4.18.1&#8243; _module_preset=&#8220;default&#8220; width_tablet=&#8220;33%&#8220; width_phone=&#8220;75%&#8220; width_last_edited=&#8220;on|phone&#8220; max_width=&#8220;70%&#8220; module_alignment=&#8220;center&#8220; height=&#8220;200px&#8220; custom_padding=&#8220;20px||||false|false&#8220; module_alignment_tablet=&#8220;center&#8220; module_alignment_phone=&#8220;right&#8220; module_alignment_last_edited=&#8220;on|desktop&#8220; border_width_all=&#8220;2px&#8220; border_color_all=&#8220;#043892&#8243; global_colors_info=&#8220;{}&#8220;][\/et_pb_image][\/et_pb_column][et_pb_column type=&#8220;3_4&#8243; _builder_version=&#8220;4.16&#8243; _module_preset=&#8220;default&#8220; global_colors_info=&#8220;{}&#8220;][et_pb_text quote_border_color=&#8220;#043892&#8243; _builder_version=&#8220;4.18.1&#8243; _module_preset=&#8220;default&#8220; header_font=&#8220;Roboto||||||||&#8220; global_colors_info=&#8220;{}&#8220;]<\/p>\n<h2><\/h2>\n<blockquote>\n<h2>Dipl. Psych. Peter Stimpfle<\/h2>\n<\/blockquote>\n<p>[\/et_pb_text][et_pb_text _builder_version=&#8220;4.18.1&#8243; _module_preset=&#8220;default&#8220; text_font=&#8220;Roboto||||||||&#8220; text_font_size=&#8220;18px&#8220; global_colors_info=&#8220;{}&#8220;]<\/p>\n<p>Peter Stimpfle<strong><span><\/span><\/strong><span>, Diplom-Psychologe (Univ.), Dipl.-Soz.-P\u00e4d. (FH), Psychologischer Psychotherapeut, Kinder- und Jugendlichenpsychotherapeut, Systemischer Therapeut (ISTOB, SG, PTK-Bayern), Klinischer Hypnotherapeut M.E.G., E.S.H., Berufst\u00e4tigkeit in Fr\u00fchf\u00f6rderung, Kinder- und Jugendpsychiatrie, virtuelle Beratungsstelle der bke Bundeskonferenz f\u00fcr Erziehungsberatung, seit 2005 mit Kassenzulassung im Landkreis Eichst\u00e4tt in eigener Praxis niedergelassen (Verhaltenstherapie \/ Erwachsene, Gruppentherapie VT, Systemische Therapie, Abrechnungsgenehmigung Hypnose), Supervisor \/ Dozent \/ Selbsterfahrungsleiter (IVS-N\u00fcrnberg, CIP-Bamberg, dgvt Erlangen, Systemica, Asysth M\u00fcnchen, SIA Berlin, ISTB Berlin, &#8230;), seit 2016 mit Sybille Stimpfle Fortbildungsinstitut mit HypnoSystemische Kompetenz Werkstatt Eichst\u00e4tt.<\/span><\/p>\n<p style=\"font-weight: 400;\"><span><a href=\"https:\/\/www.psychotherapiepraxis-stimpfle.de\/fortbildung---seminare\/index.html\">https:\/\/www.psychotherapiepraxis-stimpfle.de\/fortbildung&#8212;seminare\/index.html<\/a> \u00a0<\/span><\/p>\n<p>[\/et_pb_text][\/et_pb_column][\/et_pb_row][\/et_pb_section]<\/p>\n","protected":false},"excerpt":{"rendered":"<p>Vortragende Stefan Hammel Stefan Hammel ist systemischer Familientherapeut, Hypnotherapeut und Autor sowie evangelischer Klinik- und Psychiatrieseelsorger. Er ist Leiter des Instituts f\u00fcr Hypnosystemische Beratung in Kaiserslautern und Referent systemischer und [&hellip;]<\/p>\n","protected":false},"author":1,"featured_media":0,"parent":0,"menu_order":0,"comment_status":"closed","ping_status":"closed","template":"","meta":{"_et_pb_use_builder":"on","_et_pb_old_content":"<!-- wp:divi\/placeholder \/-->","_et_gb_content_width":"","footnotes":""},"class_list":["post-274","page","type-page","status-publish","hentry"],"_links":{"self":[{"href":"https:\/\/www.miltonericksoninstitut.com\/index.php?rest_route=\/wp\/v2\/pages\/274","targetHints":{"allow":["GET"]}}],"collection":[{"href":"https:\/\/www.miltonericksoninstitut.com\/index.php?rest_route=\/wp\/v2\/pages"}],"about":[{"href":"https:\/\/www.miltonericksoninstitut.com\/index.php?rest_route=\/wp\/v2\/types\/page"}],"author":[{"embeddable":true,"href":"https:\/\/www.miltonericksoninstitut.com\/index.php?rest_route=\/wp\/v2\/users\/1"}],"replies":[{"embeddable":true,"href":"https:\/\/www.miltonericksoninstitut.com\/index.php?rest_route=%2Fwp%2Fv2%2Fcomments&post=274"}],"version-history":[{"count":3,"href":"https:\/\/www.miltonericksoninstitut.com\/index.php?rest_route=\/wp\/v2\/pages\/274\/revisions"}],"predecessor-version":[{"id":1493,"href":"https:\/\/www.miltonericksoninstitut.com\/index.php?rest_route=\/wp\/v2\/pages\/274\/revisions\/1493"}],"wp:attachment":[{"href":"https:\/\/www.miltonericksoninstitut.com\/index.php?rest_route=%2Fwp%2Fv2%2Fmedia&parent=274"}],"curies":[{"name":"wp","href":"https:\/\/api.w.org\/{rel}","templated":true}]}}